{"id":3030,"date":"2021-08-09T13:37:54","date_gmt":"2021-08-09T11:37:54","guid":{"rendered":"https:\/\/hulev2.lionhead.regit.net.pl\/?page_id=3030"},"modified":"2026-04-28T01:19:22","modified_gmt":"2026-04-27T23:19:22","slug":"second-chance","status":"publish","type":"page","link":"https:\/\/hule.pl\/en\/second-chance\/","title":{"rendered":"Second Chance"},"content":{"rendered":"[vc_row gap=&#8221;20&#8243; equal_height=&#8221;yes&#8221; content_placement=&#8221;middle&#8221; el_class=&#8221;article-row&#8221; css=&#8221;.vc_custom_1775238615838{padding-top: 40px !important;padding-bottom: 20px !important;}&#8221;][vc_column width=&#8221;1\/2&#8243;][vc_column_text]\n<h2 class=\"about-heading\">Rzeczy zostaj\u0105.<br \/>\nZmieniaj\u0105 w\u0142a\u015bciciela.<br \/>\nZmieniaj\u0105 stan.<\/h2>\n<div class=\"about-body\">\n<div>Meble HULE mo\u017cna odnowi\u0107, naprawi\u0107 albo sprzeda\u0107.<\/div>\n<\/div>\n[\/vc_column_text][\/vc_column][vc_column width=&#8221;1\/2&#8243;][vc_single_image image=&#8221;5208&#8243; img_size=&#8221;large&#8221; alignment=&#8221;center&#8221;][\/vc_column][\/vc_row][vc_row gap=&#8221;20&#8243; equal_height=&#8221;yes&#8221; content_placement=&#8221;middle&#8221; el_class=&#8221;article-row&#8221; css=&#8221;.vc_custom_1775594996455{padding-top: 20px !important;padding-bottom: 40px !important;}&#8221;][vc_column width=&#8221;1\/2&#8243;][vc_single_image image=&#8221;5215&#8243; img_size=&#8221;large&#8221; alignment=&#8221;center&#8221;][\/vc_column][vc_column width=&#8221;1\/2&#8243;][vc_column_text]\n<h3 class=\"about-heading\">Odsprzeda\u017c<\/h3>\n<div class=\"about-body\">\n<div>Sprzedaj sw\u00f3j mebel HULE.<\/div>\n<div>Albo kup u\u017cywany.<\/div>\n<p>&nbsp;<\/p>\n<div>My publikujemy aukcj\u0119 w serwisie Catawiki.<\/div>\n<div>Tam trafiaj\u0105 rzeczy z drugiego obiegu.<\/div>\n[\/vc_column_text][vc_btn title=&#8221;Zobacz aukcje na Catawiki&#8221; style=&#8221;outline&#8221; shape=&#8221;square&#8221; color=&#8221;inverse&#8221; size=&#8221;sm&#8221; link=&#8221;url:https%3A%2F%2Fwww.catawiki.com%2Fen%2Fu%2F16971163-user-5ea41de4112a|target:_blank&#8221; el_class=&#8221;sc-cta&#8221;][vc_column_text][\/vc_column_text][vc_btn title=&#8221;Zg\u0142o\u015b mebel&#8221; style=&#8221;outline&#8221; shape=&#8221;square&#8221; color=&#8221;inverse&#8221; size=&#8221;sm&#8221; link=&#8221;url:https%3A%2F%2Fhule.pl%2Frenovations%2F&#8221; el_class=&#8221;sc-cta&#8221;][\/vc_column][\/vc_row][vc_row gap=&#8221;20&#8243; equal_height=&#8221;yes&#8221; content_placement=&#8221;middle&#8221; el_class=&#8221;article-row&#8221; css=&#8221;.vc_custom_1775595007046{padding-top: 40px !important;padding-bottom: 20px !important;}&#8221;][vc_column width=&#8221;1\/2&#8243;][vc_column_text]\n<h3 class=\"about-heading\">Renowacja<\/h3>\n<div class=\"about-body\">\n<div>Nie ka\u017cdy \u015blad trzeba usuwa\u0107.<\/div>\n<div>Ale czasem warto przywr\u00f3ci\u0107 form\u0119.<\/div>\n<p>&nbsp;<\/p>\n<div>Naprawiamy i odnawiamy meble HULE<\/div>\n<div>albo pomagamy zrobi\u0107 to lokalnie, bez wysy\u0142ki.<\/div>\n<\/div>\n[\/vc_column_text][vc_btn title=&#8221;Zapytaj o renowacj\u0119&#8221; style=&#8221;outline&#8221; shape=&#8221;square&#8221; color=&#8221;black&#8221; size=&#8221;sm&#8221; el_class=&#8221;sc-cta&#8221; link=&#8221;url:https%3A%2F%2Fhule.pl%2Frenovations%2F|target:_blank&#8221;][\/vc_column][vc_column width=&#8221;1\/2&#8243;][vc_single_image image=&#8221;5227&#8243; img_size=&#8221;large&#8221; alignment=&#8221;center&#8221;][\/vc_column][\/vc_row][vc_row css=&#8221;.vc_custom_1775593997349{padding-top: 60px !important;padding-bottom: 30px !important;}&#8221;][vc_column][vc_column_text]\n<h3 style=\"margin: 0;\"><a href=\"https:\/\/hule.pl\/faq\/\"><br \/>\nJak to dzia\u0142a?<br \/>\n<\/a><\/h3>\n[\/vc_column_text][\/vc_column][\/vc_row][vc_row][vc_column][vc_column_text]\n<\/div>\n[\/vc_column_text][\/vc_column][\/vc_row]\n","protected":false},"excerpt":{"rendered":"<p>[vc_row gap=&#8221;20&#8243; equal_height=&#8221;yes&#8221; content_placement=&#8221;middle&#8221; el_class=&#8221;article-row&#8221; css=&#8221;.vc_custom_1775238615838{padding-top: 40px !important;padding-bottom: 20px !important;}&#8221;][vc_column width=&#8221;1\/2&#8243;][vc_column_text] Rzeczy zostaj\u0105. Zmieniaj\u0105 w\u0142a\u015bciciela. Zmieniaj\u0105 stan. Meble HULE mo\u017cna odnowi\u0107, naprawi\u0107 albo sprzeda\u0107. [\/vc_column_text][\/vc_column][vc_column width=&#8221;1\/2&#8243;][vc_single_image image=&#8221;5208&#8243; img_size=&#8221;large&#8221; alignment=&#8221;center&#8221;][\/vc_column][\/vc_row][vc_row gap=&#8221;20&#8243; equal_height=&#8221;yes&#8221; content_placement=&#8221;middle&#8221; el_class=&#8221;article-row&#8221; css=&#8221;.vc_custom_1775594996455{padding-top: 20px !important;padding-bottom: 40px !important;}&#8221;][vc_column width=&#8221;1\/2&#8243;][vc_single_image image=&#8221;5215&#8243; &hellip;<\/p>\n","protected":false},"author":2,"featured_media":0,"parent":0,"menu_order":0,"comment_status":"closed","ping_status":"closed","template":"","meta":{"_acf_changed":false,"footnotes":""},"class_list":["post-3030","page","type-page","status-publish","hentry"],"acf":[],"_links":{"self":[{"href":"https:\/\/hule.pl\/en\/wp-json\/wp\/v2\/pages\/3030","targetHints":{"allow":["GET"]}}],"collection":[{"href":"https:\/\/hule.pl\/en\/wp-json\/wp\/v2\/pages"}],"about":[{"href":"https:\/\/hule.pl\/en\/wp-json\/wp\/v2\/types\/page"}],"author":[{"embeddable":true,"href":"https:\/\/hule.pl\/en\/wp-json\/wp\/v2\/users\/2"}],"replies":[{"embeddable":true,"href":"https:\/\/hule.pl\/en\/wp-json\/wp\/v2\/comments?post=3030"}],"version-history":[{"count":6,"href":"https:\/\/hule.pl\/en\/wp-json\/wp\/v2\/pages\/3030\/revisions"}],"predecessor-version":[{"id":5259,"href":"https:\/\/hule.pl\/en\/wp-json\/wp\/v2\/pages\/3030\/revisions\/5259"}],"wp:attachment":[{"href":"https:\/\/hule.pl\/en\/wp-json\/wp\/v2\/media?parent=3030"}],"curies":[{"name":"wp","href":"https:\/\/api.w.org\/{rel}","templated":true}]}}