{"id":2957,"date":"2021-08-08T12:01:21","date_gmt":"2021-08-08T10:01:21","guid":{"rendered":"https:\/\/hulev2.lionhead.regit.net.pl\/?page_id=2957"},"modified":"2026-04-28T01:15:29","modified_gmt":"2026-04-27T23:15:29","slug":"about","status":"publish","type":"page","link":"https:\/\/hule.pl\/en\/about\/","title":{"rendered":"About"},"content":{"rendered":"[vc_row][vc_column][vc_empty_space height=&#8221;30px&#8221;][\/vc_column][\/vc_row][vc_row equal_height=&#8221;yes&#8221; el_class=&#8221;article-row&#8221;][vc_column width=&#8221;1\/2&#8243;][vc_column_text]\n<div draggable=\"false\" data-pm-slice=\"1 1 []\" data-en-clipboard=\"true\">\n<div draggable=\"false\" data-pm-slice=\"1 1 []\" data-en-clipboard=\"true\">S\u0105 rzeczy, kt\u00f3re wchodz\u0105 w nasze \u017cycie i zostaj\u0105.<\/div>\n<div draggable=\"false\">Oddychaj\u0105 razem z domem.<\/div>\n<div draggable=\"false\">Buduj\u0105 wspomnienia.<\/div>\n<div draggable=\"false\">Tworzymy dla tych moment\u00f3w.<\/div>\n<\/div>\n[\/vc_column_text][\/vc_column][vc_column width=&#8221;1\/2&#8243;][vc_single_image image=&#8221;5234&#8243; img_size=&#8221;large&#8221; alignment=&#8221;center&#8221;][\/vc_column][\/vc_row][vc_row equal_height=&#8221;yes&#8221; content_placement=&#8221;middle&#8221; el_class=&#8221;article-row&#8221;][vc_column width=&#8221;1\/2&#8243;][vc_single_image image=&#8221;5243&#8243; img_size=&#8221;large&#8221; alignment=&#8221;center&#8221;][\/vc_column][vc_column width=&#8221;1\/2&#8243;][vc_column_text]\n<div draggable=\"false\" data-pm-slice=\"1 1 []\" data-en-clipboard=\"true\">\n<div draggable=\"false\" data-pm-slice=\"1 1 []\" data-en-clipboard=\"true\">\n<p>Warsaw-made<\/p>\n<p>Kunszt. Precyzja. Dobry warsztat.<\/p>\n<\/div>\n<\/div>\n<div draggable=\"false\" data-pm-slice=\"1 1 []\" data-en-clipboard=\"true\">\n<div draggable=\"false\">Tu nadajemy form\u0119. Tu rzeczy staj\u0105 si\u0119 HULE.<\/div>\n<\/div>\n[\/vc_column_text][\/vc_column][\/vc_row][vc_row equal_height=&#8221;yes&#8221; content_placement=&#8221;middle&#8221; el_class=&#8221;article-row&#8221;][vc_column width=&#8221;1\/2&#8243;][vc_column_text]\n<div draggable=\"false\" data-pm-slice=\"1 1 []\" data-en-clipboard=\"true\">\n<div draggable=\"false\" data-pm-slice=\"1 1 []\" data-en-clipboard=\"true\">Czas dopisuje reszt\u0119.<\/div>\n<div draggable=\"false\">Rysa na powierzchni staje si\u0119 wsp\u00f3ln\u0105 histori\u0105.<\/div>\n<div draggable=\"false\">To nie starzenie si\u0119, to dojrzewanie razem.<\/div>\n<\/div>\n[\/vc_column_text][\/vc_column][vc_column width=&#8221;1\/2&#8243;][vc_single_image image=&#8221;5240&#8243; img_size=&#8221;large&#8221; alignment=&#8221;center&#8221;][\/vc_column][\/vc_row]\n","protected":false},"excerpt":{"rendered":"<p>[vc_row][vc_column][vc_empty_space height=&#8221;30px&#8221;][\/vc_column][\/vc_row][vc_row equal_height=&#8221;yes&#8221; el_class=&#8221;article-row&#8221;][vc_column width=&#8221;1\/2&#8243;][vc_column_text] S\u0105 rzeczy, kt\u00f3re wchodz\u0105 w nasze \u017cycie i zostaj\u0105. Oddychaj\u0105 razem z domem. Buduj\u0105 wspomnienia. Tworzymy dla tych moment\u00f3w. [\/vc_column_text][\/vc_column][vc_column width=&#8221;1\/2&#8243;][vc_single_image image=&#8221;5234&#8243; img_size=&#8221;large&#8221; alignment=&#8221;center&#8221;][\/vc_column][\/vc_row][vc_row equal_height=&#8221;yes&#8221; content_placement=&#8221;middle&#8221; el_class=&#8221;article-row&#8221;][vc_column width=&#8221;1\/2&#8243;][vc_single_image image=&#8221;5243&#8243; img_size=&#8221;large&#8221; alignment=&#8221;center&#8221;][\/vc_column][vc_column width=&#8221;1\/2&#8243;][vc_column_text] Warsaw-made Kunszt. Precyzja. &hellip;<\/p>\n","protected":false},"author":2,"featured_media":0,"parent":0,"menu_order":0,"comment_status":"closed","ping_status":"closed","template":"","meta":{"_acf_changed":false,"footnotes":""},"class_list":["post-2957","page","type-page","status-publish","hentry"],"acf":[],"_links":{"self":[{"href":"https:\/\/hule.pl\/en\/wp-json\/wp\/v2\/pages\/2957","targetHints":{"allow":["GET"]}}],"collection":[{"href":"https:\/\/hule.pl\/en\/wp-json\/wp\/v2\/pages"}],"about":[{"href":"https:\/\/hule.pl\/en\/wp-json\/wp\/v2\/types\/page"}],"author":[{"embeddable":true,"href":"https:\/\/hule.pl\/en\/wp-json\/wp\/v2\/users\/2"}],"replies":[{"embeddable":true,"href":"https:\/\/hule.pl\/en\/wp-json\/wp\/v2\/comments?post=2957"}],"version-history":[{"count":31,"href":"https:\/\/hule.pl\/en\/wp-json\/wp\/v2\/pages\/2957\/revisions"}],"predecessor-version":[{"id":5257,"href":"https:\/\/hule.pl\/en\/wp-json\/wp\/v2\/pages\/2957\/revisions\/5257"}],"wp:attachment":[{"href":"https:\/\/hule.pl\/en\/wp-json\/wp\/v2\/media?parent=2957"}],"curies":[{"name":"wp","href":"https:\/\/api.w.org\/{rel}","templated":true}]}}